{"id":889,"date":"2021-08-13T03:23:02","date_gmt":"2021-08-13T03:23:02","guid":{"rendered":"https:\/\/anamariasaldarriagaastrologa.com\/?post_type=product&#038;p=889"},"modified":"2025-05-22T21:46:46","modified_gmt":"2025-05-22T21:46:46","slug":"transitos-astrales-y-direcciones","status":"publish","type":"product","link":"https:\/\/anamariasaldarriagaastrologa.com\/index.php\/producto\/transitos-astrales-y-direcciones\/","title":{"rendered":"Tr\u00e1nsitos Astrales y Revoluciones"},"content":{"rendered":"","protected":false},"excerpt":{"rendered":"<p>Es la sobreposici\u00f3n de tu Carta Natal con la fotograf\u00eda actual del Cielo.<\/p>\n<p>El Cielo est\u00e1 en constante movimiento pero tu Carta natal no. A este movimiento del Cielo le llamamos tr\u00e1nsitos, y \u00e9stos van activando algunas partes de tu Carta Natal y as\u00ed va modific\u00e1ndose tu vida.<\/p>\n<p>La interpretaci\u00f3n de estos tr\u00e1nsitos te aporta informaci\u00f3n valiosa, es como un gui\u00f3n que est\u00e1 ah\u00ed, que no puedes variar, pero lo que hagas frente a ello s\u00f3lo depende de t\u00ed.<\/p>\n<p>Un mismo tr\u00e1nsito (o estado actual de cielo) afecta de forma distinta a cada persona, porque tienes planetas en lugares diferentes, es decir que sus Cartas Astrales son diferentes. Por eso los tr\u00e1nsitos deben hacerse de forma individual y lo m\u00e1s importante: CON UN ASTR\u00d3LOGO PROFESIONAL que te oriente y hable responsablemente sobre lo que va encontrando en tu plano.<\/p>\n<p>Duraci\u00f3n de la consulta: Hora y media.<br \/>\nLa cita puede ser presencial o virtual<br \/>\nValor de la consulta: $180.000<\/p>\n","protected":false},"featured_media":545,"comment_status":"open","ping_status":"closed","template":"","meta":{"om_disable_all_campaigns":false,"_monsterinsights_skip_tracking":false,"_monsterinsights_sitenote_active":false,"_monsterinsights_sitenote_note":"","_monsterinsights_sitenote_category":0,"_kadence_starter_templates_imported_post":false,"_kad_post_transparent":"default","_kad_post_title":"","_kad_post_layout":"default","_kad_post_sidebar_id":"","_kad_post_content_style":"default","_kad_post_vertical_padding":"default","_kad_post_feature":"","_kad_post_feature_position":"","_kad_post_header":false,"_kad_post_footer":false},"product_brand":[],"product_cat":[75],"product_tag":[],"class_list":{"0":"post-889","1":"product","2":"type-product","3":"status-publish","4":"has-post-thumbnail","6":"product_cat-servicios","8":"first","9":"instock","10":"virtual","11":"purchasable","12":"product-type-simple","13":"entry","14":"content-bg","15":"loop-entry"},"aioseo_notices":[],"_links":{"self":[{"href":"https:\/\/anamariasaldarriagaastrologa.com\/index.php\/wp-json\/wp\/v2\/product\/889","targetHints":{"allow":["GET"]}}],"collection":[{"href":"https:\/\/anamariasaldarriagaastrologa.com\/index.php\/wp-json\/wp\/v2\/product"}],"about":[{"href":"https:\/\/anamariasaldarriagaastrologa.com\/index.php\/wp-json\/wp\/v2\/types\/product"}],"replies":[{"embeddable":true,"href":"https:\/\/anamariasaldarriagaastrologa.com\/index.php\/wp-json\/wp\/v2\/comments?post=889"}],"wp:featuredmedia":[{"embeddable":true,"href":"https:\/\/anamariasaldarriagaastrologa.com\/index.php\/wp-json\/wp\/v2\/media\/545"}],"wp:attachment":[{"href":"https:\/\/anamariasaldarriagaastrologa.com\/index.php\/wp-json\/wp\/v2\/media?parent=889"}],"wp:term":[{"taxonomy":"product_brand","embeddable":true,"href":"https:\/\/anamariasaldarriagaastrologa.com\/index.php\/wp-json\/wp\/v2\/product_brand?post=889"},{"taxonomy":"product_cat","embeddable":true,"href":"https:\/\/anamariasaldarriagaastrologa.com\/index.php\/wp-json\/wp\/v2\/product_cat?post=889"},{"taxonomy":"product_tag","embeddable":true,"href":"https:\/\/anamariasaldarriagaastrologa.com\/index.php\/wp-json\/wp\/v2\/product_tag?post=889"}],"curies":[{"name":"wp","href":"https:\/\/api.w.org\/{rel}","templated":true}]}}