{"id":885,"date":"2021-08-09T03:59:10","date_gmt":"2021-08-09T03:59:10","guid":{"rendered":"https:\/\/anamariasaldarriagaastrologa.com\/?post_type=product&#038;p=885"},"modified":"2025-02-27T22:12:22","modified_gmt":"2025-02-27T22:12:22","slug":"carta-astral","status":"publish","type":"product","link":"https:\/\/anamariasaldarriagaastrologa.com\/index.php\/producto\/carta-astral\/","title":{"rendered":"Carta Astral"},"content":{"rendered":"","protected":false},"excerpt":{"rendered":"<p>La Carta Astral o Carta Natal es el mapa del Cielo para el momento en el que nacemos.<\/p>\n<p>Es una herramienta de autoconocimiento que consiste en un gr\u00e1fico que refleja la posici\u00f3n de los planetas y estrellas del cielo en el momento en el que nacemos; significa que es una fotograf\u00eda del cielo en el momento en el que el beb\u00e9 se separa f\u00edsicamente del cuerpo de su madre.<\/p>\n<p>Para conocer nuestra Carta debemos conocer el d\u00eda, hora y lugar de nacimiento, estas son las herramientas objetivas para su interpretaci\u00f3n, es decir que \u00e9sta no se hace de forma aleatoria.<\/p>\n<p>Con esta informaci\u00f3n, se logra obtener datos individuales sobre las misiones que venimos a desarrollar en esta vida lo que hace que todas las experiencias que vivimos est\u00e9n en relaci\u00f3n con este mapa energ\u00e9tico compuesto por planetas, signos, casas y aspectos.<\/p>\n<p>Es importante que no nos basemos en la informaci\u00f3n sobre signos astrol\u00f3gicos que encontramos en revistas o peri\u00f3dicos, esta generalizaci\u00f3n es un error, porque, tambi\u00e9n influyen en nosotros todos los aspectos en de la Carta.<\/p>\n<p>Por ejemplo, no todos los Tauro ser\u00e1n iguales o tendr\u00e1n las mismas experiencias en el mismo periodo de tiempo.<\/p>\n<p><strong>\u00bfPara qu\u00e9 sirve una Carta Astral?<\/strong><\/p>\n<p>La Carta Astral es b\u00e1sicamente una herramienta de autoconocimiento para descubrir nuestros talentos, motivaciones, forma particular de ser y vivir. Te sirve para recibir claves de comprensi\u00f3n de ti mismo, de tu vida y para darle sentido a lo que pasa.<\/p>\n<p>Duraci\u00f3n de la consulta: dos horas y media La cita puede ser presencial o virtual Valor de la consulta: $280.000<\/p>\n","protected":false},"featured_media":541,"comment_status":"open","ping_status":"closed","template":"","meta":{"om_disable_all_campaigns":false,"_monsterinsights_skip_tracking":false,"_monsterinsights_sitenote_active":false,"_monsterinsights_sitenote_note":"","_monsterinsights_sitenote_category":0,"_kadence_starter_templates_imported_post":false,"_kad_post_transparent":"default","_kad_post_title":"","_kad_post_layout":"default","_kad_post_sidebar_id":"","_kad_post_content_style":"default","_kad_post_vertical_padding":"default","_kad_post_feature":"","_kad_post_feature_position":"","_kad_post_header":false,"_kad_post_footer":false},"product_brand":[],"product_cat":[75],"product_tag":[],"class_list":{"0":"post-885","1":"product","2":"type-product","3":"status-publish","4":"has-post-thumbnail","6":"product_cat-servicios","8":"first","9":"instock","10":"virtual","11":"purchasable","12":"product-type-simple","13":"entry","14":"content-bg","15":"loop-entry"},"aioseo_notices":[],"_links":{"self":[{"href":"https:\/\/anamariasaldarriagaastrologa.com\/index.php\/wp-json\/wp\/v2\/product\/885","targetHints":{"allow":["GET"]}}],"collection":[{"href":"https:\/\/anamariasaldarriagaastrologa.com\/index.php\/wp-json\/wp\/v2\/product"}],"about":[{"href":"https:\/\/anamariasaldarriagaastrologa.com\/index.php\/wp-json\/wp\/v2\/types\/product"}],"replies":[{"embeddable":true,"href":"https:\/\/anamariasaldarriagaastrologa.com\/index.php\/wp-json\/wp\/v2\/comments?post=885"}],"wp:featuredmedia":[{"embeddable":true,"href":"https:\/\/anamariasaldarriagaastrologa.com\/index.php\/wp-json\/wp\/v2\/media\/541"}],"wp:attachment":[{"href":"https:\/\/anamariasaldarriagaastrologa.com\/index.php\/wp-json\/wp\/v2\/media?parent=885"}],"wp:term":[{"taxonomy":"product_brand","embeddable":true,"href":"https:\/\/anamariasaldarriagaastrologa.com\/index.php\/wp-json\/wp\/v2\/product_brand?post=885"},{"taxonomy":"product_cat","embeddable":true,"href":"https:\/\/anamariasaldarriagaastrologa.com\/index.php\/wp-json\/wp\/v2\/product_cat?post=885"},{"taxonomy":"product_tag","embeddable":true,"href":"https:\/\/anamariasaldarriagaastrologa.com\/index.php\/wp-json\/wp\/v2\/product_tag?post=885"}],"curies":[{"name":"wp","href":"https:\/\/api.w.org\/{rel}","templated":true}]}}