{"id":604,"date":"2021-06-19T22:45:58","date_gmt":"2021-06-19T22:45:58","guid":{"rendered":"http:\/\/anamariasaldarriagaastrologa.com\/?page_id=604"},"modified":"2025-02-27T22:14:26","modified_gmt":"2025-02-27T22:14:26","slug":"carta-astral","status":"publish","type":"page","link":"https:\/\/anamariasaldarriagaastrologa.com\/index.php\/carta-astral\/","title":{"rendered":"Carta Astral"},"content":{"rendered":"<style>.kb-row-layout-id604_556a3a-e2 > .kt-row-column-wrap{align-content:start;}:where(.kb-row-layout-id604_556a3a-e2 > .kt-row-column-wrap) > .wp-block-kadence-column{justify-content:start;}.kb-row-layout-id604_556a3a-e2 > .kt-row-column-wrap{column-gap:var(--global-kb-gap-md, 2rem);row-gap:var(--global-kb-gap-md, 2rem);padding-top:25px;padding-right:30px;padding-bottom:25px;padding-left:30px;grid-template-columns:minmax(0, 1fr);}.kb-row-layout-id604_556a3a-e2 > .kt-row-layout-overlay{opacity:1;background-image:url('http:\/\/anamariasaldarriagaastrologa.com\/wp-content\/uploads\/2021\/06\/carta-astral2.jpg');background-size:contain;background-position:524009% 0%;background-attachment:scroll;background-repeat:no-repeat;}@media all and (max-width: 1024px){.kb-row-layout-id604_556a3a-e2 > .kt-row-column-wrap{grid-template-columns:minmax(0, 1fr);}}@media all and (max-width: 767px){.kb-row-layout-id604_556a3a-e2 > .kt-row-column-wrap{grid-template-columns:minmax(0, 1fr);}}<\/style><div class=\"kb-row-layout-wrap kb-row-layout-id604_556a3a-e2 alignnone kt-row-has-bg wp-block-kadence-rowlayout\"><div class=\"kt-row-layout-overlay kt-row-overlay-normal\"><\/div><div class=\"kt-row-column-wrap kt-has-2-columns kt-row-layout-row kt-tab-layout-inherit kt-mobile-layout-row kt-row-valign-top\">\n<style>.kadence-column604_41581b-14 > .kt-inside-inner-col{display:flex;}.kadence-column604_41581b-14 > .kt-inside-inner-col{border-top:10px solid transparent;border-right:20px solid transparent;border-bottom:10px solid transparent;border-left:20px solid transparent;}.kadence-column604_41581b-14 > .kt-inside-inner-col,.kadence-column604_41581b-14 > .kt-inside-inner-col:before{border-top-left-radius:0px;border-top-right-radius:0px;border-bottom-right-radius:0px;border-bottom-left-radius:0px;}.kadence-column604_41581b-14 > .kt-inside-inner-col{column-gap:var(--global-kb-gap-sm, 1rem);}.kadence-column604_41581b-14 > .kt-inside-inner-col{flex-direction:column;}.kadence-column604_41581b-14 > .kt-inside-inner-col > .aligncenter{width:100%;}.kadence-column604_41581b-14 > .kt-inside-inner-col{background-color:#faf7f7;}.kadence-column604_41581b-14 > .kt-inside-inner-col:before{opacity:0.3;}.kadence-column604_41581b-14{position:relative;}.kadence-column604_41581b-14, .kt-inside-inner-col > .kadence-column604_41581b-14:not(.specificity){margin-top:300px;}@media all and (max-width: 1024px){.kadence-column604_41581b-14 > .kt-inside-inner-col{border-top:10px solid transparent;border-right:20px solid transparent;border-bottom:10px solid transparent;border-left:20px solid transparent;flex-direction:column;}}@media all and (max-width: 767px){.kadence-column604_41581b-14 > .kt-inside-inner-col{border-top:10px solid transparent;border-right:20px solid transparent;border-bottom:10px solid transparent;border-left:20px solid transparent;flex-direction:column;}}<\/style>\n<div class=\"wp-block-kadence-column kadence-column604_41581b-14\"><div class=\"kt-inside-inner-col\"><h2 class=\"wp-block-heading\" id=\"carta-astral\">CARTA ASTRAL<\/h2>\n\n<p>La Carta Astral o Carta Natal es el mapa del Cielo para el momento en el que nacemos.  <\/p>\n\n<p>Es una herramienta de autoconocimiento que consiste en un gr\u00e1fico que refleja la posici\u00f3n de los planetas y estrellas del cielo en el momento en el que nacemos; significa que es una fotograf\u00eda del cielo en el momento en el que el beb\u00e9 se separa f\u00edsicamente del cuerpo de su madre.  <\/p>\n\n<p>Para conocer nuestra Carta debemos conocer el d\u00eda, hora y lugar de nacimiento, estas son las herramientas objetivas para su interpretaci\u00f3n, es decir que \u00e9sta no se hace de forma aleatoria.  <\/p>\n\n<p>Con esta informaci\u00f3n, se logra obtener datos individuales sobre las misiones que venimos a desarrollar en esta vida lo que hace que todas las experiencias que vivimos est\u00e9n en relaci\u00f3n con este mapa energ\u00e9tico compuesto por planetas, signos, casas y aspectos.  <\/p>\n\n<p>Es importante que no nos basemos en la informaci\u00f3n sobre signos astrol\u00f3gicos que encontramos en revistas o peri\u00f3dicos, esta generalizaci\u00f3n es un error, porque, tambi\u00e9n influyen en nosotros todos los aspectos en de la Carta.   <\/p>\n\n<p>Por ejemplo, no todos los Tauro ser\u00e1n iguales o tendr\u00e1n las mismas experiencias en el mismo periodo de tiempo.  <\/p>\n\n<p><strong>\u00bfPara qu\u00e9 sirve una Carta Astral?<\/strong>  <\/p>\n\n<p>La Carta Astral es b\u00e1sicamente una herramienta de autoconocimiento para descubrir nuestros talentos, motivaciones, forma particular de ser y vivir. Te sirve para recibir claves de comprensi\u00f3n de ti mismo, de tu vida y para darle sentido a lo que pasa.  <\/p>\n\n<p>Duraci\u00f3n de la consulta: dos horas y media La cita puede ser presencial o virtual Valor de la consulta: $300.000<\/p><\/div><\/div>\n\n<style>.kadence-column604_90e99d-74 > .kt-inside-inner-col,.kadence-column604_90e99d-74 > .kt-inside-inner-col:before{border-top-left-radius:0px;border-top-right-radius:0px;border-bottom-right-radius:0px;border-bottom-left-radius:0px;}.kadence-column604_90e99d-74 > .kt-inside-inner-col{column-gap:var(--global-kb-gap-sm, 1rem);}.kadence-column604_90e99d-74 > .kt-inside-inner-col{flex-direction:column;}.kadence-column604_90e99d-74 > .kt-inside-inner-col > .aligncenter{width:100%;}.kadence-column604_90e99d-74 > .kt-inside-inner-col:before{opacity:0.3;}.kadence-column604_90e99d-74{position:relative;}@media all and (max-width: 1024px){.kadence-column604_90e99d-74 > .kt-inside-inner-col{flex-direction:column;}}@media all and (max-width: 767px){.kadence-column604_90e99d-74 > .kt-inside-inner-col{flex-direction:column;}}<\/style>\n<div class=\"wp-block-kadence-column kadence-column604_90e99d-74 inner-column-2\"><div class=\"kt-inside-inner-col\"><\/div><\/div>\n<\/div><\/div>","protected":false},"excerpt":{"rendered":"<p>CARTA ASTRAL La Carta Astral o Carta Natal es el mapa del Cielo para el momento en el que nacemos. Es una herramienta de autoconocimiento que consiste en un gr\u00e1fico que refleja la posici\u00f3n de los planetas y estrellas del cielo en el momento en el que nacemos; significa que es una fotograf\u00eda del cielo&#8230;<\/p>\n","protected":false},"author":1,"featured_media":0,"parent":0,"menu_order":0,"comment_status":"closed","ping_status":"closed","template":"","meta":{"om_disable_all_campaigns":false,"_monsterinsights_skip_tracking":false,"_monsterinsights_sitenote_active":false,"_monsterinsights_sitenote_note":"","_monsterinsights_sitenote_category":0,"_kadence_starter_templates_imported_post":false,"_kad_post_transparent":"","_kad_post_title":"","_kad_post_layout":"","_kad_post_sidebar_id":"","_kad_post_content_style":"","_kad_post_vertical_padding":"","_kad_post_feature":"","_kad_post_feature_position":"","_kad_post_header":false,"_kad_post_footer":false,"footnotes":""},"class_list":["post-604","page","type-page","status-publish","hentry"],"aioseo_notices":[],"_links":{"self":[{"href":"https:\/\/anamariasaldarriagaastrologa.com\/index.php\/wp-json\/wp\/v2\/pages\/604","targetHints":{"allow":["GET"]}}],"collection":[{"href":"https:\/\/anamariasaldarriagaastrologa.com\/index.php\/wp-json\/wp\/v2\/pages"}],"about":[{"href":"https:\/\/anamariasaldarriagaastrologa.com\/index.php\/wp-json\/wp\/v2\/types\/page"}],"author":[{"embeddable":true,"href":"https:\/\/anamariasaldarriagaastrologa.com\/index.php\/wp-json\/wp\/v2\/users\/1"}],"replies":[{"embeddable":true,"href":"https:\/\/anamariasaldarriagaastrologa.com\/index.php\/wp-json\/wp\/v2\/comments?post=604"}],"version-history":[{"count":10,"href":"https:\/\/anamariasaldarriagaastrologa.com\/index.php\/wp-json\/wp\/v2\/pages\/604\/revisions"}],"predecessor-version":[{"id":993,"href":"https:\/\/anamariasaldarriagaastrologa.com\/index.php\/wp-json\/wp\/v2\/pages\/604\/revisions\/993"}],"wp:attachment":[{"href":"https:\/\/anamariasaldarriagaastrologa.com\/index.php\/wp-json\/wp\/v2\/media?parent=604"}],"curies":[{"name":"wp","href":"https:\/\/api.w.org\/{rel}","templated":true}]}}